{"id":684,"date":"2014-07-03T13:58:37","date_gmt":"2014-07-03T11:58:37","guid":{"rendered":"http:\/\/www.joyeriaonline.com\/blog\/?page_id=684"},"modified":"2014-07-03T13:58:37","modified_gmt":"2014-07-03T11:58:37","slug":"contacto","status":"publish","type":"page","link":"https:\/\/www.joyeriaonline.com\/blog\/contacto\/","title":{"rendered":"CONTACTO"},"content":{"rendered":"<div id=\"pl-684\"  class=\"panel-layout\" >\n<div id=\"pg-684-0\"  class=\"panel-grid panel-no-style\" >\n<div id=\"pgc-684-0-0\"  class=\"panel-grid-cell\"  data-weight=\"1\" >\n<div id=\"panel-684-0-0-0\" class=\"so-panel widget widget_sow-editor panel-first-child panel-last-child\" data-index=\"0\" data-style=\"{&quot;background_display&quot;:&quot;tile&quot;}\" >\n<div class=\"so-widget-sow-editor so-widget-sow-editor-base\">\n<div class=\"siteorigin-widget-tinymce textwidget\">\n<h1 style=\"text-align: center;\"><strong><span style=\"color: #ff0088;\">CONTACTO<\/span><\/strong><\/h1>\n<\/div>\n<\/div>\n<\/div>\n<\/div>\n<\/div>\n<div id=\"pg-684-1\"  class=\"panel-grid panel-no-style\"  data-style=\"{&quot;background_display&quot;:&quot;tile&quot;,&quot;cell_alignment&quot;:&quot;flex-start&quot;}\" >\n<div id=\"pgc-684-1-0\"  class=\"panel-grid-cell\"  data-weight=\"0.33333333333333\" >\n<div id=\"panel-684-1-0-0\" class=\"so-panel widget widget_sow-editor panel-first-child\" data-index=\"1\" data-style=\"{&quot;background_display&quot;:&quot;tile&quot;}\" >\n<div class=\"so-widget-sow-editor so-widget-sow-editor-base\">\n<div class=\"siteorigin-widget-tinymce textwidget\">\n<h2 style=\"text-align: center;\"><span style=\"color: #000000;\"><strong>EMAIL Y TEL\u00c9FONO<\/strong><\/span><\/h2>\n<\/div>\n<\/div>\n<\/div>\n<div id=\"panel-684-1-0-1\" class=\"so-panel widget widget_sow-editor panel-last-child\" data-index=\"2\" data-style=\"{&quot;background_display&quot;:&quot;tile&quot;}\" >\n<div class=\"so-widget-sow-editor so-widget-sow-editor-base\">\n<div class=\"siteorigin-widget-tinymce textwidget\">\n<h3>\u00a0 \u00a0 \u00a0 \u00a0 \u00a0 \u00a0 \u00a0 \u00a0 \u00a0 Email<\/h3>\n<p><strong>Clientes<\/strong>: info@joyeriaonline.com<\/p>\n<p><strong>Empresas<\/strong>: proveedores@joyeriaonline.com<\/p>\n<h3>\u00a0 \u00a0 \u00a0 \u00a0 \u00a0 \u00a0 \u00a0 Tel\u00e9fono \u00a0 \u00a0 \u00a0 \u00a0 \u00a0 \u00a0 \u00a0 \u00a0<\/h3>\n<p><strong>Tel\u00e9fono<\/strong>: 962781153<\/p>\n<p><strong>Whatsapp<\/strong>: 679954083<\/p>\n<\/div>\n<\/div>\n<\/div>\n<\/div>\n<div id=\"pgc-684-1-1\"  class=\"panel-grid-cell\"  data-weight=\"0.33333333333333\" >\n<div id=\"panel-684-1-1-0\" class=\"so-panel widget widget_sow-editor panel-first-child\" data-index=\"3\" data-style=\"{&quot;background_image_attachment&quot;:false,&quot;background_display&quot;:&quot;tile&quot;}\" >\n<div class=\"so-widget-sow-editor so-widget-sow-editor-base\">\n<div class=\"siteorigin-widget-tinymce textwidget\">\n<h2 style=\"text-align: center;\"><span style=\"color: #000000;\"><strong>DONDE ESTAMOS<\/strong><\/span><\/h2>\n<\/div>\n<\/div>\n<\/div>\n<div id=\"panel-684-1-1-1\" class=\"so-panel widget widget_sow-editor panel-last-child\" data-index=\"4\" data-style=\"{&quot;background_image_attachment&quot;:false,&quot;background_display&quot;:&quot;tile&quot;}\" >\n<div class=\"so-widget-sow-editor so-widget-sow-editor-base\">\n<div class=\"siteorigin-widget-tinymce textwidget\">\n<h3>\u00a0 \u00a0 \u00a0 \u00a0 \u00a0 Joyer\u00eda Falomir<\/h3>\n<p>Direcci\u00f3n: Plaza mayor 33<\/p>\n<p>Ciudad: Ll\u00edria (valencia)<\/p>\n<h4>\u00a0 \u00a0 \u00a0 \u00a0 \u00a0 \u00a0 \u00a0 \u00a0 \u00a0 \u00a0 \u00a0 \u00a0Horario<\/h4>\n<p>Lunes a Viernes: 9-14h y 17-20:30<\/p>\n<p>S\u00e1bado: 9-14h<\/p>\n<p>\u00a0<\/p>\n<\/div>\n<\/div>\n<\/div>\n<\/div>\n<div id=\"pgc-684-1-2\"  class=\"panel-grid-cell\"  data-weight=\"0.33333333333333\" >\n<div id=\"panel-684-1-2-0\" class=\"so-panel widget widget_sow-editor panel-first-child\" data-index=\"5\" data-style=\"{&quot;background_display&quot;:&quot;tile&quot;}\" >\n<div class=\"so-widget-sow-editor so-widget-sow-editor-base\">\n<div class=\"siteorigin-widget-tinymce textwidget\">\n<h2 style=\"text-align: center;\"><span style=\"color: #000000;\"><strong>REDES SOCIALES<\/strong><\/span><\/h2>\n<\/div>\n<\/div>\n<\/div>\n<div id=\"panel-684-1-2-1\" class=\"so-panel widget widget_simple-social-icons simple-social-icons panel-last-child\" data-index=\"6\" data-style=\"{&quot;background_display&quot;:&quot;tile&quot;}\" >\n<ul class=\"aligncenter\">\n<li class=\"ssi-facebook\"><a href=\"https:\/\/www.facebook.com\/joyeriaonlineoficial\/\" target=\"_blank\" rel=\"noopener\"><svg role=\"img\" class=\"social-facebook\" aria-labelledby=\"social-facebook\"><title id=\"social-facebook\">Facebook<\/title><use xlink:href=\"http:\/\/www.joyeriaonline.com\/blog\/wp-content\/plugins\/simple-social-icons\/symbol-defs.svg#social-facebook\"><\/use><\/svg><\/a><\/li>\n<li class=\"ssi-gplus\"><a href=\"https:\/\/plus.google.com\/+JoyeriaonlineOficial\" target=\"_blank\" rel=\"noopener\"><svg role=\"img\" class=\"social-gplus\" aria-labelledby=\"social-gplus\"><title id=\"social-gplus\">Google+<\/title><use xlink:href=\"http:\/\/www.joyeriaonline.com\/blog\/wp-content\/plugins\/simple-social-icons\/symbol-defs.svg#social-gplus\"><\/use><\/svg><\/a><\/li>\n<li class=\"ssi-twitter\"><a href=\"https:\/\/twitter.com\/Joyeria1850\" target=\"_blank\" rel=\"noopener\"><svg role=\"img\" class=\"social-twitter\" aria-labelledby=\"social-twitter\"><title id=\"social-twitter\">Twitter<\/title><use xlink:href=\"http:\/\/www.joyeriaonline.com\/blog\/wp-content\/plugins\/simple-social-icons\/symbol-defs.svg#social-twitter\"><\/use><\/svg><\/a><\/li>\n<li class=\"ssi-youtube\"><a href=\"https:\/\/www.youtube.com\/channel\/UC7-tqFbHhu7MO43LsgPm3yQ\" target=\"_blank\" rel=\"noopener\"><svg role=\"img\" class=\"social-youtube\" aria-labelledby=\"social-youtube\"><title id=\"social-youtube\">YouTube<\/title><use xlink:href=\"http:\/\/www.joyeriaonline.com\/blog\/wp-content\/plugins\/simple-social-icons\/symbol-defs.svg#social-youtube\"><\/use><\/svg><\/a><\/li>\n<\/ul>\n<\/div>\n<\/div>\n<\/div>\n<div id=\"pg-684-2\"  class=\"panel-grid panel-no-style\"  data-style=\"{&quot;background_display&quot;:&quot;tile&quot;,&quot;cell_alignment&quot;:&quot;flex-start&quot;}\" >\n<div id=\"pgc-684-2-0\"  class=\"panel-grid-cell\"  data-weight=\"1\" >\n<div id=\"panel-684-2-0-0\" class=\"so-panel widget widget_sow-editor panel-first-child panel-last-child\" data-index=\"7\" data-style=\"{&quot;background_display&quot;:&quot;tile&quot;}\" >\n<div class=\"so-widget-sow-editor so-widget-sow-editor-base\">\n<div class=\"siteorigin-widget-tinymce textwidget\">\n<h2 style=\"text-align: center;\"><span style=\"color: #000000;\"><strong>LOCALIZACI\u00d3N<\/strong><\/span><\/h2>\n<\/div>\n<\/div>\n<\/div>\n<\/div>\n<\/div>\n<div id=\"pg-684-3\"  class=\"panel-grid panel-no-style\"  data-style=\"{&quot;background_display&quot;:&quot;tile&quot;,&quot;cell_alignment&quot;:&quot;flex-start&quot;}\" >\n<div id=\"pgc-684-3-0\"  class=\"panel-grid-cell\"  data-weight=\"1\" >\n<div id=\"panel-684-3-0-0\" class=\"so-panel widget widget_sow-editor panel-first-child panel-last-child\" data-index=\"8\" data-style=\"{&quot;background_display&quot;:&quot;cover&quot;}\" >\n<div class=\"so-widget-sow-editor so-widget-sow-editor-base\">\n<div class=\"siteorigin-widget-tinymce textwidget\">\n\t<iframe loading=\"lazy\" src=\"https:\/\/www.google.com\/maps\/embed?pb=!1m18!1m12!1m3!1d3654.4910131252764!2d-0.5958665552510114!3d39.626114223518016!2m3!1f0!2f0!3f0!3m2!1i1024!2i768!4f13.1!3m3!1m2!1s0x0%3A0x17ee18a48d671be4!2sJoyer%C3%ADa+Falomir!5e0!3m2!1ses!2ses!4v1497974745638\" width=\"1200\" height=\"600\" frameborder=\"0\" style=\"border:0\" allowfullscreen><\/iframe><\/div>\n<\/div>\n<\/div>\n<\/div>\n<\/div>\n<\/div>\n","protected":false},"excerpt":{"rendered":"<p>CONTACTO EMAIL Y TEL\u00c9FONO \u00a0 \u00a0 \u00a0 \u00a0 \u00a0 \u00a0 \u00a0 \u00a0 \u00a0 Email Clientes: info@joyeriaonline.com Empresas: proveedores@joyeriaonline.com \u00a0 \u00a0 \u00a0 \u00a0 \u00a0 \u00a0 \u00a0 Tel\u00e9fono \u00a0 \u00a0 \u00a0 \u00a0 \u00a0 \u00a0 \u00a0 \u00a0 Tel\u00e9fono: 962781153 Whatsapp: 679954083 DONDE ESTAMOS \u00a0 \u00a0 \u00a0 \u00a0 \u00a0 Joyer\u00eda Falomir Direcci\u00f3n: Plaza mayor 33 Ciudad: Ll\u00edria (valencia) \u00a0 &hellip;<\/p>\n","protected":false},"author":1,"featured_media":0,"parent":0,"menu_order":0,"comment_status":"open","ping_status":"open","template":"","meta":{"inline_featured_image":false,"footnotes":""},"class_list":["post-684","page","type-page","status-publish","hentry"],"yoast_head":"<!-- This site is optimized with the Yoast SEO plugin v23.2 - https:\/\/yoast.com\/wordpress\/plugins\/seo\/ -->\n<title>CONTACTO - Joyeria Online BLOG<\/title>\n<meta name=\"robots\" content=\"index, follow, max-snippet:-1, max-image-preview:large, max-video-preview:-1\" \/>\n<link rel=\"canonical\" href=\"https:\/\/www.joyeriaonline.com\/blog\/contacto\/\" class=\"yoast-seo-meta-tag\" \/>\n<meta property=\"og:locale\" content=\"es_ES\" class=\"yoast-seo-meta-tag\" \/>\n<meta property=\"og:type\" content=\"article\" class=\"yoast-seo-meta-tag\" \/>\n<meta property=\"og:title\" content=\"CONTACTO - Joyeria Online BLOG\" class=\"yoast-seo-meta-tag\" \/>\n<meta property=\"og:description\" content=\"CONTACTO EMAIL Y TEL\u00c9FONO \u00a0 \u00a0 \u00a0 \u00a0 \u00a0 \u00a0 \u00a0 \u00a0 \u00a0 Email Clientes: info@joyeriaonline.com Empresas: proveedores@joyeriaonline.com \u00a0 \u00a0 \u00a0 \u00a0 \u00a0 \u00a0 \u00a0 Tel\u00e9fono \u00a0 \u00a0 \u00a0 \u00a0 \u00a0 \u00a0 \u00a0 \u00a0 Tel\u00e9fono: 962781153 Whatsapp: 679954083 DONDE ESTAMOS \u00a0 \u00a0 \u00a0 \u00a0 \u00a0 Joyer\u00eda Falomir Direcci\u00f3n: Plaza mayor 33 Ciudad: Ll\u00edria (valencia) \u00a0 &hellip;\" class=\"yoast-seo-meta-tag\" \/>\n<meta property=\"og:url\" content=\"https:\/\/www.joyeriaonline.com\/blog\/contacto\/\" class=\"yoast-seo-meta-tag\" \/>\n<meta property=\"og:site_name\" content=\"Joyeria Online BLOG\" class=\"yoast-seo-meta-tag\" \/>\n<meta name=\"twitter:card\" content=\"summary_large_image\" class=\"yoast-seo-meta-tag\" \/>\n<script type=\"application\/ld+json\" class=\"yoast-schema-graph\">{\"@context\":\"https:\/\/schema.org\",\"@graph\":[{\"@type\":\"WebPage\",\"@id\":\"https:\/\/www.joyeriaonline.com\/blog\/contacto\/\",\"url\":\"https:\/\/www.joyeriaonline.com\/blog\/contacto\/\",\"name\":\"CONTACTO - Joyeria Online BLOG\",\"isPartOf\":{\"@id\":\"https:\/\/www.joyeriaonline.com\/blog\/#website\"},\"datePublished\":\"2014-07-03T11:58:37+00:00\",\"dateModified\":\"2014-07-03T11:58:37+00:00\",\"breadcrumb\":{\"@id\":\"https:\/\/www.joyeriaonline.com\/blog\/contacto\/#breadcrumb\"},\"inLanguage\":\"es\",\"potentialAction\":[{\"@type\":\"ReadAction\",\"target\":[\"https:\/\/www.joyeriaonline.com\/blog\/contacto\/\"]}]},{\"@type\":\"BreadcrumbList\",\"@id\":\"https:\/\/www.joyeriaonline.com\/blog\/contacto\/#breadcrumb\",\"itemListElement\":[{\"@type\":\"ListItem\",\"position\":1,\"name\":\"Portada\",\"item\":\"https:\/\/www.joyeriaonline.com\/blog\/\"},{\"@type\":\"ListItem\",\"position\":2,\"name\":\"CONTACTO\"}]},{\"@type\":\"WebSite\",\"@id\":\"https:\/\/www.joyeriaonline.com\/blog\/#website\",\"url\":\"https:\/\/www.joyeriaonline.com\/blog\/\",\"name\":\"Blog oficial de Joyer\u00eda Falomir 1799\",\"description\":\"El blog oficial de Joyeria Falomir 1799\",\"publisher\":{\"@id\":\"https:\/\/www.joyeriaonline.com\/blog\/#\/schema\/person\/1022d49d0b7df83c7a44c06c6269a651\"},\"potentialAction\":[{\"@type\":\"SearchAction\",\"target\":{\"@type\":\"EntryPoint\",\"urlTemplate\":\"https:\/\/www.joyeriaonline.com\/blog\/?s={search_term_string}\"},\"query-input\":\"required name=search_term_string\"}],\"inLanguage\":\"es\"},{\"@type\":[\"Person\",\"Organization\"],\"@id\":\"https:\/\/www.joyeriaonline.com\/blog\/#\/schema\/person\/1022d49d0b7df83c7a44c06c6269a651\",\"name\":\"Sara\",\"image\":{\"@type\":\"ImageObject\",\"inLanguage\":\"es\",\"@id\":\"https:\/\/www.joyeriaonline.com\/blog\/#\/schema\/person\/image\/\",\"url\":\"https:\/\/www.joyeriaonline.com\/blog\/wp-content\/uploads\/2023\/03\/logo.png\",\"contentUrl\":\"https:\/\/www.joyeriaonline.com\/blog\/wp-content\/uploads\/2023\/03\/logo.png\",\"width\":372,\"height\":50,\"caption\":\"Sara\"},\"logo\":{\"@id\":\"https:\/\/www.joyeriaonline.com\/blog\/#\/schema\/person\/image\/\"},\"sameAs\":[\"https:\/\/www.joyeriaonline.com\/blog\"]}]}<\/script>\n<!-- \/ Yoast SEO plugin. -->","yoast_head_json":{"title":"CONTACTO - Joyeria Online BLOG","robots":{"index":"index","follow":"follow","max-snippet":"max-snippet:-1","max-image-preview":"max-image-preview:large","max-video-preview":"max-video-preview:-1"},"canonical":"https:\/\/www.joyeriaonline.com\/blog\/contacto\/","og_locale":"es_ES","og_type":"article","og_title":"CONTACTO - Joyeria Online BLOG","og_description":"CONTACTO EMAIL Y TEL\u00c9FONO \u00a0 \u00a0 \u00a0 \u00a0 \u00a0 \u00a0 \u00a0 \u00a0 \u00a0 Email Clientes: info@joyeriaonline.com Empresas: proveedores@joyeriaonline.com \u00a0 \u00a0 \u00a0 \u00a0 \u00a0 \u00a0 \u00a0 Tel\u00e9fono \u00a0 \u00a0 \u00a0 \u00a0 \u00a0 \u00a0 \u00a0 \u00a0 Tel\u00e9fono: 962781153 Whatsapp: 679954083 DONDE ESTAMOS \u00a0 \u00a0 \u00a0 \u00a0 \u00a0 Joyer\u00eda Falomir Direcci\u00f3n: Plaza mayor 33 Ciudad: Ll\u00edria (valencia) \u00a0 &hellip;","og_url":"https:\/\/www.joyeriaonline.com\/blog\/contacto\/","og_site_name":"Joyeria Online BLOG","twitter_card":"summary_large_image","schema":{"@context":"https:\/\/schema.org","@graph":[{"@type":"WebPage","@id":"https:\/\/www.joyeriaonline.com\/blog\/contacto\/","url":"https:\/\/www.joyeriaonline.com\/blog\/contacto\/","name":"CONTACTO - Joyeria Online BLOG","isPartOf":{"@id":"https:\/\/www.joyeriaonline.com\/blog\/#website"},"datePublished":"2014-07-03T11:58:37+00:00","dateModified":"2014-07-03T11:58:37+00:00","breadcrumb":{"@id":"https:\/\/www.joyeriaonline.com\/blog\/contacto\/#breadcrumb"},"inLanguage":"es","potentialAction":[{"@type":"ReadAction","target":["https:\/\/www.joyeriaonline.com\/blog\/contacto\/"]}]},{"@type":"BreadcrumbList","@id":"https:\/\/www.joyeriaonline.com\/blog\/contacto\/#breadcrumb","itemListElement":[{"@type":"ListItem","position":1,"name":"Portada","item":"https:\/\/www.joyeriaonline.com\/blog\/"},{"@type":"ListItem","position":2,"name":"CONTACTO"}]},{"@type":"WebSite","@id":"https:\/\/www.joyeriaonline.com\/blog\/#website","url":"https:\/\/www.joyeriaonline.com\/blog\/","name":"Blog oficial de Joyer\u00eda Falomir 1799","description":"El blog oficial de Joyeria Falomir 1799","publisher":{"@id":"https:\/\/www.joyeriaonline.com\/blog\/#\/schema\/person\/1022d49d0b7df83c7a44c06c6269a651"},"potentialAction":[{"@type":"SearchAction","target":{"@type":"EntryPoint","urlTemplate":"https:\/\/www.joyeriaonline.com\/blog\/?s={search_term_string}"},"query-input":"required name=search_term_string"}],"inLanguage":"es"},{"@type":["Person","Organization"],"@id":"https:\/\/www.joyeriaonline.com\/blog\/#\/schema\/person\/1022d49d0b7df83c7a44c06c6269a651","name":"Sara","image":{"@type":"ImageObject","inLanguage":"es","@id":"https:\/\/www.joyeriaonline.com\/blog\/#\/schema\/person\/image\/","url":"https:\/\/www.joyeriaonline.com\/blog\/wp-content\/uploads\/2023\/03\/logo.png","contentUrl":"https:\/\/www.joyeriaonline.com\/blog\/wp-content\/uploads\/2023\/03\/logo.png","width":372,"height":50,"caption":"Sara"},"logo":{"@id":"https:\/\/www.joyeriaonline.com\/blog\/#\/schema\/person\/image\/"},"sameAs":["https:\/\/www.joyeriaonline.com\/blog"]}]}},"acf":[],"_links":{"self":[{"href":"https:\/\/www.joyeriaonline.com\/blog\/wp-json\/wp\/v2\/pages\/684","targetHints":{"allow":["GET"]}}],"collection":[{"href":"https:\/\/www.joyeriaonline.com\/blog\/wp-json\/wp\/v2\/pages"}],"about":[{"href":"https:\/\/www.joyeriaonline.com\/blog\/wp-json\/wp\/v2\/types\/page"}],"author":[{"embeddable":true,"href":"https:\/\/www.joyeriaonline.com\/blog\/wp-json\/wp\/v2\/users\/1"}],"replies":[{"embeddable":true,"href":"https:\/\/www.joyeriaonline.com\/blog\/wp-json\/wp\/v2\/comments?post=684"}],"version-history":[{"count":0,"href":"https:\/\/www.joyeriaonline.com\/blog\/wp-json\/wp\/v2\/pages\/684\/revisions"}],"wp:attachment":[{"href":"https:\/\/www.joyeriaonline.com\/blog\/wp-json\/wp\/v2\/media?parent=684"}],"curies":[{"name":"wp","href":"https:\/\/api.w.org\/{rel}","templated":true}]}}